{"id":28,"date":"2025-12-11T10:12:27","date_gmt":"2025-12-11T10:12:27","guid":{"rendered":"https:\/\/horst-woick-archiv.de\/?page_id=28"},"modified":"2025-12-11T10:27:42","modified_gmt":"2025-12-11T10:27:42","slug":"wanderwelten","status":"publish","type":"page","link":"https:\/\/horst-woick-archiv.de\/?page_id=28","title":{"rendered":"Wanderwelten"},"content":{"rendered":"\n<h2 class=\"wp-block-heading\">Wanderwelten<\/h2>\n\n\n<ul class=\"wp-block-latest-posts__list is-grid columns-3 wp-block-latest-posts\"><li><div class=\"wp-block-latest-posts__featured-image\"><a href=\"https:\/\/horst-woick-archiv.de\/?p=170\" aria-label=\"Die Harz\u00fcberquerungen\"><img loading=\"lazy\" decoding=\"async\" width=\"300\" height=\"203\" src=\"https:\/\/horst-woick-archiv.de\/wp-content\/uploads\/2025\/12\/1974-oha-bh-verpflegung-300x203.jpg\" class=\"attachment-medium size-medium wp-post-image\" alt=\"\" style=\"\" srcset=\"https:\/\/horst-woick-archiv.de\/wp-content\/uploads\/2025\/12\/1974-oha-bh-verpflegung-300x203.jpg 300w, https:\/\/horst-woick-archiv.de\/wp-content\/uploads\/2025\/12\/1974-oha-bh-verpflegung-1024x693.jpg 1024w, https:\/\/horst-woick-archiv.de\/wp-content\/uploads\/2025\/12\/1974-oha-bh-verpflegung-768x519.jpg 768w, https:\/\/horst-woick-archiv.de\/wp-content\/uploads\/2025\/12\/1974-oha-bh-verpflegung.jpg 1526w\" sizes=\"auto, (max-width: 300px) 100vw, 300px\" \/><\/a><\/div><a class=\"wp-block-latest-posts__post-title\" href=\"https:\/\/horst-woick-archiv.de\/?p=170\">Die Harz\u00fcberquerungen<\/a><div class=\"wp-block-latest-posts__post-excerpt\">Die Harz\u00fcberquerungen Im Jahr 1973 veranstaltete der M\u00e4nnerturnklub Bad Harzburg (MTK), wie in dieser Zeit \u00fcblich, eine Volkssportveranstaltung mit einer relativ kurzen Streckenf\u00fchrung<\/div><\/li>\n<li><div class=\"wp-block-latest-posts__featured-image\"><a href=\"https:\/\/horst-woick-archiv.de\/?p=42\" aria-label=\"Der Teufelsstieg\"><img loading=\"lazy\" decoding=\"async\" width=\"300\" height=\"204\" src=\"https:\/\/horst-woick-archiv.de\/wp-content\/uploads\/2025\/12\/Bild9-300x204.jpg\" class=\"attachment-medium size-medium wp-post-image\" alt=\"\" style=\"\" srcset=\"https:\/\/horst-woick-archiv.de\/wp-content\/uploads\/2025\/12\/Bild9-300x204.jpg 300w, https:\/\/horst-woick-archiv.de\/wp-content\/uploads\/2025\/12\/Bild9.jpg 605w\" sizes=\"auto, (max-width: 300px) 100vw, 300px\" \/><\/a><\/div><a class=\"wp-block-latest-posts__post-title\" href=\"https:\/\/horst-woick-archiv.de\/?p=42\">Der Teufelsstieg<\/a><div class=\"wp-block-latest-posts__post-excerpt\">Der Teufelsstieg \u00fcber den Brocken Goethe f\u00fchrte aus unterschiedlichen Gr\u00fcnden drei Reisen (1777, 1783, 1784,) quer \u00fcber den Harz durch. Eine weitere Reise<\/div><\/li>\n<\/ul>","protected":false},"excerpt":{"rendered":"<p>Wanderwelten<\/p>\n","protected":false},"author":1,"featured_media":0,"parent":0,"menu_order":0,"comment_status":"closed","ping_status":"closed","template":"","meta":{"footnotes":""},"class_list":["post-28","page","type-page","status-publish","hentry"],"jetpack_sharing_enabled":true,"_links":{"self":[{"href":"https:\/\/horst-woick-archiv.de\/index.php?rest_route=\/wp\/v2\/pages\/28","targetHints":{"allow":["GET"]}}],"collection":[{"href":"https:\/\/horst-woick-archiv.de\/index.php?rest_route=\/wp\/v2\/pages"}],"about":[{"href":"https:\/\/horst-woick-archiv.de\/index.php?rest_route=\/wp\/v2\/types\/page"}],"author":[{"embeddable":true,"href":"https:\/\/horst-woick-archiv.de\/index.php?rest_route=\/wp\/v2\/users\/1"}],"replies":[{"embeddable":true,"href":"https:\/\/horst-woick-archiv.de\/index.php?rest_route=%2Fwp%2Fv2%2Fcomments&post=28"}],"version-history":[{"count":3,"href":"https:\/\/horst-woick-archiv.de\/index.php?rest_route=\/wp\/v2\/pages\/28\/revisions"}],"predecessor-version":[{"id":46,"href":"https:\/\/horst-woick-archiv.de\/index.php?rest_route=\/wp\/v2\/pages\/28\/revisions\/46"}],"wp:attachment":[{"href":"https:\/\/horst-woick-archiv.de\/index.php?rest_route=%2Fwp%2Fv2%2Fmedia&parent=28"}],"curies":[{"name":"wp","href":"https:\/\/api.w.org\/{rel}","templated":true}]}}